{"id":1743,"date":"2021-05-30T14:08:16","date_gmt":"2021-05-30T13:08:16","guid":{"rendered":"https:\/\/flavor.wordifysites.com\/?page_id=3"},"modified":"2025-01-28T23:47:07","modified_gmt":"2025-01-28T22:47:07","slug":"rechtshinweis","status":"publish","type":"page","link":"https:\/\/kokitchen.berlin\/de\/rechtshinweis\/","title":{"rendered":"Impressum"},"content":{"rendered":"<p>INFORMATIONEN NACH \u00a75 DES TELEMEDIENGESETZES<\/p>\n\n\n\n<p>Ko Kitchen &nbsp;<\/p>\n\n\n\n<p>Nico Borchert&nbsp;<\/p>\n\n\n\n<p>Harzer Stra\u00dfe 39<\/p>\n\n\n\n<p>12059 Berlin&nbsp;<\/p>\n\n\n\n<p>info@kokitchen.berlin<\/p>\n\n\n\n<p>Steuernummer: 16\/236\/03495<\/p>\n\n\n\n<p>USt-IdNr: DE368760326<\/p>\n\n\n\n<p>VERANTWORTLICH F\u00dcR DEN INHALT GEM\u00c4SS \u00a7 55 ABS. 2 RSTV:<\/p>\n\n\n\n<p>Nico Borchert&nbsp;<\/p>\n\n\n\n<p>Harzer Stra\u00dfe 39<\/p>\n\n\n\n<p>12059 Berlin&nbsp;<\/p>\n\n\n\n<p>STREITBEILEGUNG<\/p>\n\n\n\n<p>Die Europ\u00e4ische Kommission stellt eine Plattform zur Online-Streitbeilegung (OS) bereit: https:\/\/ec.europa.eu\/consumers\/odr.<\/p>\n\n\n\n<p>Unsere E-Mail-Adresse findest du in den rechtlichen Hinweisen oben.<\/p>\n\n\n\n<p>Wir sind nicht bereit oder verpflichtet, an einem Streitbeilegungsverfahren vor einer Verbraucherschlichtungsstelle teilzunehmen.<\/p>\n\n\n\n<p>HAFTUNGSAUSSCHUSS<\/p>\n\n\n\n<p>HAFTUNG F\u00dcR DEN INHALT<\/p>\n\n\n\n<p>Als Dienstanbieter sind wir gem\u00e4\u00df \u00a7 7 Abs. 1 TMG f\u00fcr eigene Inhalte auf diesen Seiten nach den allgemeinen Gesetzen verantwortlich. Nach \u00a7\u00a7 8 bis 10 TMG sind wir als Diensteanbieter jedoch nicht verpflichtet, \u00fcbermittelte oder gespeicherte fremde Informationen zu \u00fcberwachen oder nach Umst\u00e4nden zu forschen, die auf eine rechtswidrige T\u00e4tigkeit hinweisen.<\/p>\n\n\n\n<p>Verpflichtungen zur Entfernung oder Sperrung der Nutzung von Informationen nach den allgemeinen Gesetzen bleiben hiervon unber\u00fchrt. Eine diesbez\u00fcgliche Haftung ist jedoch erst ab dem Zeitpunkt der Kenntnis einer konkreten Rechtsverletzung m\u00f6glich. Sobald uns solche Verst\u00f6\u00dfe bekannt werden, werden wir diese Inhalte unverz\u00fcglich entfernen.<\/p>\n\n\n\n<p>HAFTUNG F\u00dcR LINKS<\/p>\n\n\n\n<p>Unsere Website enth\u00e4lt Links zu externen Websites Dritter, auf deren Inhalt wir keinen Einfluss haben. Deshalb k\u00f6nnen wir f\u00fcr diese fremden Inhalte auch keine Gew\u00e4hr \u00fcbernehmen. F\u00fcr die Inhalte der verlinkten Seiten ist stets der jeweilige Anbieter oder Betreiber der Seiten verantwortlich. Die verlinkten Seiten wurden zum Zeitpunkt der Verlinkung auf m\u00f6gliche Rechtsverst\u00f6\u00dfe \u00fcberpr\u00fcft. Rechtswidrige Inhalte waren zum Zeitpunkt der Verlinkung nicht erkennbar.<\/p>\n\n\n\n<p>Eine permanente inhaltliche Kontrolle der verlinkten Seiten ist jedoch ohne konkrete Anhaltspunkte einer Rechtsverletzung nicht zumutbar. Bei Bekanntwerden von Rechtsverst\u00f6\u00dfen werden wir derartige Links umgehend entfernen.<\/p>\n\n\n\n<p>COPYRIGHT<\/p>\n\n\n\n<p>Die durch die Seitenbetreiber erstellten Inhalte und Werke auf diesen Seiten unterliegen dem deutschen Urheberrecht. Die Vervielf\u00e4ltigung, Bearbeitung, Verbreitung und jede Art der Verwertung au\u00dferhalb der Grenzen des Urheberrechtes bed\u00fcrfen der schriftlichen Zustimmung des jeweiligen Autors bzw. Erstellers. Downloads und Kopien dieser Seite sind nur f\u00fcr den privaten, nicht kommerziellen Gebrauch gestattet.<\/p>\n\n\n\n<p>Soweit die Inhalte auf dieser Seite nicht vom Betreiber erstellt wurden, werden die Urheberrechte Dritter beachtet. Insbesondere werden Inhalte Dritter als solche gekennzeichnet. Sollten Sie trotzdem auf eine Urheberrechtsverletzung aufmerksam werden, bitten wir um einen entsprechenden Hinweis. Bei Bekanntwerden von Rechtsverletzungen werden wir derartige Inhalte umgehend entfernen.<\/p>\n\n\n\n<p><\/p>","protected":false},"excerpt":{"rendered":"<p>INFORMATIONEN GEM\u00c4SS \u00a75 TELEMEDIENGESETZ Ko Kitchen Nico Borchert Harzer Stra\u00dfe 39 12059 Berlin info@kokitchen.berlin Steuernummer : 16\/236\/03495 USt-IdNr: ... <a title=\"Impressum\" class=\"read-more\" href=\"https:\/\/kokitchen.berlin\/de\/rechtshinweis\/\" aria-label=\"Mehr Informationen \u00fcber das Impressum\">Weiterlesen ...<\/a><\/p>","protected":false},"author":1,"featured_media":0,"parent":0,"menu_order":0,"comment_status":"closed","ping_status":"closed","template":"","meta":{"_kad_blocks_custom_css":"","_kad_blocks_head_custom_js":"","_kad_blocks_body_custom_js":"","_kad_blocks_footer_custom_js":"","footnotes":""},"class_list":["post-1743","page","type-page","status-publish"],"taxonomy_info":[],"featured_image_src_large":false,"author_info":{"display_name":"admin","author_link":"https:\/\/kokitchen.berlin\/de\/author\/admin\/"},"comment_info":0,"_links":{"self":[{"href":"https:\/\/kokitchen.berlin\/de\/wp-json\/wp\/v2\/pages\/1743","targetHints":{"allow":["GET"]}}],"collection":[{"href":"https:\/\/kokitchen.berlin\/de\/wp-json\/wp\/v2\/pages"}],"about":[{"href":"https:\/\/kokitchen.berlin\/de\/wp-json\/wp\/v2\/types\/page"}],"author":[{"embeddable":true,"href":"https:\/\/kokitchen.berlin\/de\/wp-json\/wp\/v2\/users\/1"}],"replies":[{"embeddable":true,"href":"https:\/\/kokitchen.berlin\/de\/wp-json\/wp\/v2\/comments?post=1743"}],"version-history":[{"count":8,"href":"https:\/\/kokitchen.berlin\/de\/wp-json\/wp\/v2\/pages\/1743\/revisions"}],"predecessor-version":[{"id":2193,"href":"https:\/\/kokitchen.berlin\/de\/wp-json\/wp\/v2\/pages\/1743\/revisions\/2193"}],"wp:attachment":[{"href":"https:\/\/kokitchen.berlin\/de\/wp-json\/wp\/v2\/media?parent=1743"}],"curies":[{"name":"wp","href":"https:\/\/api.w.org\/{rel}","templated":true}]}}